{"id":499,"date":"2020-01-30T20:12:09","date_gmt":"2020-01-31T01:12:09","guid":{"rendered":"http:\/\/www.vidaenmisericordia.org\/?page_id=499"},"modified":"2020-02-19T21:17:49","modified_gmt":"2020-02-20T02:17:49","slug":"quieres-ayudar","status":"publish","type":"page","link":"https:\/\/www.vidaenmisericordia.org\/?page_id=499","title":{"rendered":"\u00bfQuieres Ayudar?"},"content":{"rendered":"\t\t<div data-elementor-type=\"wp-page\" data-elementor-id=\"499\" class=\"elementor elementor-499\">\n\t\t\t\t\t\t<div class=\"elementor-inner\">\n\t\t\t\t<div class=\"elementor-section-wrap\">\n\t\t\t\t\t\t\t\t\t<section class=\"elementor-section elementor-top-section elementor-element elementor-element-0106026 elementor-section-boxed elementor-section-height-default elementor-section-height-default\" data-id=\"0106026\" data-element_type=\"section\">\n\t\t\t\t\t\t<div class=\"elementor-container elementor-column-gap-default\">\n\t\t\t\t\t\t\t<div class=\"elementor-row\">\n\t\t\t\t\t<div class=\"elementor-column elementor-col-100 elementor-top-column elementor-element elementor-element-ec82a44\" data-id=\"ec82a44\" data-element_type=\"column\">\n\t\t\t<div class=\"elementor-column-wrap elementor-element-populated\">\n\t\t\t\t\t\t\t<div class=\"elementor-widget-wrap\">\n\t\t\t\t\t\t<div class=\"elementor-element elementor-element-0e84027 elementor-widget elementor-widget-heading\" data-id=\"0e84027\" data-element_type=\"widget\" data-widget_type=\"heading.default\">\n\t\t\t\t<div class=\"elementor-widget-container\">\n\t\t\t<h2 class=\"elementor-heading-title elementor-size-default\">\u00bfQuieres ayudar?<\/h2>\t\t<\/div>\n\t\t\t\t<\/div>\n\t\t\t\t\t\t<\/div>\n\t\t\t\t\t<\/div>\n\t\t<\/div>\n\t\t\t\t\t\t\t\t<\/div>\n\t\t\t\t\t<\/div>\n\t\t<\/section>\n\t\t\t\t<section class=\"elementor-section elementor-top-section elementor-element elementor-element-c7b304d elementor-section-boxed elementor-section-height-default elementor-section-height-default\" data-id=\"c7b304d\" data-element_type=\"section\" data-settings=\"{&quot;background_background&quot;:&quot;classic&quot;}\">\n\t\t\t\t\t\t\t<div class=\"elementor-background-overlay\"><\/div>\n\t\t\t\t\t\t\t<div class=\"elementor-container elementor-column-gap-default\">\n\t\t\t\t\t\t\t<div class=\"elementor-row\">\n\t\t\t\t\t<div class=\"elementor-column elementor-col-50 elementor-top-column elementor-element elementor-element-14d7240\" data-id=\"14d7240\" data-element_type=\"column\">\n\t\t\t<div class=\"elementor-column-wrap elementor-element-populated\">\n\t\t\t\t\t\t\t<div class=\"elementor-widget-wrap\">\n\t\t\t\t\t\t<div class=\"elementor-element elementor-element-86aed05 elementor-widget elementor-widget-heading\" data-id=\"86aed05\" data-element_type=\"widget\" data-widget_type=\"heading.default\">\n\t\t\t\t<div class=\"elementor-widget-container\">\n\t\t\t<h2 class=\"elementor-heading-title elementor-size-default\">Donaci\u00f3n material<\/h2>\t\t<\/div>\n\t\t\t\t<\/div>\n\t\t\t\t<div class=\"elementor-element elementor-element-ff17980 elementor-widget elementor-widget-text-editor\" data-id=\"ff17980\" data-element_type=\"widget\" data-widget_type=\"text-editor.default\">\n\t\t\t\t<div class=\"elementor-widget-container\">\n\t\t\t\t\t\t\t\t<div class=\"elementor-text-editor elementor-clearfix\">\n\t\t\t\t<p>Si est\u00e1s considerando hacer una donaci\u00f3n material porque dispones de algunas cosas que no utilizas y est\u00e1n en buen estado o porque deseas comprar algunos detalles para regalar, te invitamos a hacerlo sin demora.<\/p><p>Cada donaci\u00f3n que recibimos es entregada a las mamitas que est\u00e1n viculadas a nuestros programas Apoya a mam\u00e1 y Casa Hogar. Puedes donar en Colombia o Estados Unidos.<\/p><p>Hay muchas cosas que puedes regalar para un beb\u00e9 y su mamita:<\/p><p>\u2022 Pa\u00f1ales.<br \/>\u2022 Teteros (Biberones).<br \/>\u2022 La primera mudita.<br \/>\u2022 Implementos de aseo.<br \/>\u2022 Cobijas, Juguetes.<br \/>\u2022 Ropita materna o de beb\u00e9.<br \/>\u2022 Cunita o coche.<br \/>Haz algo simple. Busca en tu casa, con tus amigos o compa\u00f1eros algunas donaciones, comun\u00edcate con nosotros y coordinaremos la forma de hacerlas llegar a la fundaci\u00f3n.<\/p><p>Si deseas donar algunas cosas usadas, usa tu buen criterio para seleccionar aquellas que se encuentren en buen estado.<\/p>\t\t\t\t\t<\/div>\n\t\t\t\t\t\t<\/div>\n\t\t\t\t<\/div>\n\t\t\t\t<div class=\"elementor-element elementor-element-20c4e26 elementor-widget elementor-widget-button\" data-id=\"20c4e26\" data-element_type=\"widget\" data-widget_type=\"button.default\">\n\t\t\t\t<div class=\"elementor-widget-container\">\n\t\t\t\t\t<div class=\"elementor-button-wrapper\">\n\t\t\t<a href=\"#\" class=\"elementor-button-link elementor-button elementor-size-sm\" role=\"button\">\n\t\t\t\t\t\t<span class=\"elementor-button-content-wrapper\">\n\t\t\t\t\t\t<span class=\"elementor-button-text\">Cont\u00e1ctanos ahora mismo<\/span>\n\t\t<\/span>\n\t\t\t\t\t<\/a>\n\t\t<\/div>\n\t\t\t\t<\/div>\n\t\t\t\t<\/div>\n\t\t\t\t\t\t<\/div>\n\t\t\t\t\t<\/div>\n\t\t<\/div>\n\t\t\t\t<div class=\"elementor-column elementor-col-50 elementor-top-column elementor-element elementor-element-1a8a95a\" data-id=\"1a8a95a\" data-element_type=\"column\">\n\t\t\t<div class=\"elementor-column-wrap elementor-element-populated\">\n\t\t\t\t\t\t\t<div class=\"elementor-widget-wrap\">\n\t\t\t\t\t\t<div class=\"elementor-element elementor-element-4673c63 elementor-widget elementor-widget-heading\" data-id=\"4673c63\" data-element_type=\"widget\" data-widget_type=\"heading.default\">\n\t\t\t\t<div class=\"elementor-widget-container\">\n\t\t\t<h2 class=\"elementor-heading-title elementor-size-default\">Donar dinero<\/h2>\t\t<\/div>\n\t\t\t\t<\/div>\n\t\t\t\t<div class=\"elementor-element elementor-element-c32c6b6 elementor-widget elementor-widget-text-editor\" data-id=\"c32c6b6\" data-element_type=\"widget\" data-widget_type=\"text-editor.default\">\n\t\t\t\t<div class=\"elementor-widget-container\">\n\t\t\t\t\t\t\t\t<div class=\"elementor-text-editor elementor-clearfix\">\n\t\t\t\t<p>Hacer una donaci\u00f3n en dinero es una de las formas m\u00e1s sencillas, oportunas y necesarias como puedes ayudar a quienes est\u00e1n en riesgo de caer en el aborto.<\/p><p>Puedes donar ahora mismo a trav\u00e9s de las siguientes opciones:<\/p><p>En COLOMBIA haz una transferencia o consigna directamente a nuestra cuenta de ahorros.<\/p><p><strong>Fundaci\u00f3n Vida en Misericordia<\/strong><\/p><p><strong>Banco Davivienda<\/strong><br \/><strong>Cuenta de Ahorros 455 9000 2245-6<\/strong><\/p>\t\t\t\t\t<\/div>\n\t\t\t\t\t\t<\/div>\n\t\t\t\t<\/div>\n\t\t\t\t\t\t<\/div>\n\t\t\t\t\t<\/div>\n\t\t<\/div>\n\t\t\t\t\t\t\t\t<\/div>\n\t\t\t\t\t<\/div>\n\t\t<\/section>\n\t\t\t\t\t\t\t\t\t<\/div>\n\t\t\t<\/div>\n\t\t\t\t\t<\/div>\n\t\t","protected":false},"excerpt":{"rendered":"<p>\u00bfQuieres ayudar? Donaci\u00f3n material Si est\u00e1s considerando hacer una donaci\u00f3n material porque dispones de algunas cosas que no utilizas y est\u00e1n en buen estado o<a href=\"https:\/\/www.vidaenmisericordia.org\/?page_id=499\" class=\"more-link\">View More<\/a><\/p>\n","protected":false},"author":2,"featured_media":0,"parent":0,"menu_order":0,"comment_status":"closed","ping_status":"closed","template":"elementor_header_footer","meta":{"footnotes":""},"_links":{"self":[{"href":"https:\/\/www.vidaenmisericordia.org\/index.php?rest_route=\/wp\/v2\/pages\/499"}],"collection":[{"href":"https:\/\/www.vidaenmisericordia.org\/index.php?rest_route=\/wp\/v2\/pages"}],"about":[{"href":"https:\/\/www.vidaenmisericordia.org\/index.php?rest_route=\/wp\/v2\/types\/page"}],"author":[{"embeddable":true,"href":"https:\/\/www.vidaenmisericordia.org\/index.php?rest_route=\/wp\/v2\/users\/2"}],"replies":[{"embeddable":true,"href":"https:\/\/www.vidaenmisericordia.org\/index.php?rest_route=%2Fwp%2Fv2%2Fcomments&post=499"}],"version-history":[{"count":6,"href":"https:\/\/www.vidaenmisericordia.org\/index.php?rest_route=\/wp\/v2\/pages\/499\/revisions"}],"predecessor-version":[{"id":572,"href":"https:\/\/www.vidaenmisericordia.org\/index.php?rest_route=\/wp\/v2\/pages\/499\/revisions\/572"}],"wp:attachment":[{"href":"https:\/\/www.vidaenmisericordia.org\/index.php?rest_route=%2Fwp%2Fv2%2Fmedia&parent=499"}],"curies":[{"name":"wp","href":"https:\/\/api.w.org\/{rel}","templated":true}]}}