{"id":486,"date":"2020-01-30T20:01:54","date_gmt":"2020-01-31T01:01:54","guid":{"rendered":"http:\/\/www.vidaenmisericordia.org\/?page_id=486"},"modified":"2020-08-22T11:15:44","modified_gmt":"2020-08-22T16:15:44","slug":"elementor-486","status":"publish","type":"page","link":"https:\/\/www.vidaenmisericordia.org\/?page_id=486","title":{"rendered":"\u00bfA quien ayudamos?"},"content":{"rendered":"\t\t<div data-elementor-type=\"wp-page\" data-elementor-id=\"486\" class=\"elementor elementor-486\">\n\t\t\t\t\t\t<div class=\"elementor-inner\">\n\t\t\t\t<div class=\"elementor-section-wrap\">\n\t\t\t\t\t\t\t\t\t<section class=\"elementor-section elementor-top-section elementor-element elementor-element-1970c68 elementor-section-boxed elementor-section-height-default elementor-section-height-default\" data-id=\"1970c68\" data-element_type=\"section\" data-settings=\"{&quot;background_background&quot;:&quot;classic&quot;}\">\n\t\t\t\t\t\t<div class=\"elementor-container elementor-column-gap-default\">\n\t\t\t\t\t\t\t<div class=\"elementor-row\">\n\t\t\t\t\t<div class=\"elementor-column elementor-col-100 elementor-top-column elementor-element elementor-element-ca5fe40\" data-id=\"ca5fe40\" data-element_type=\"column\">\n\t\t\t<div class=\"elementor-column-wrap elementor-element-populated\">\n\t\t\t\t\t\t\t<div class=\"elementor-widget-wrap\">\n\t\t\t\t\t\t<div class=\"elementor-element elementor-element-285fd47 elementor-widget elementor-widget-heading\" data-id=\"285fd47\" data-element_type=\"widget\" data-widget_type=\"heading.default\">\n\t\t\t\t<div class=\"elementor-widget-container\">\n\t\t\t<h2 class=\"elementor-heading-title elementor-size-default\">\u00bfA quienes ayudamos?<\/h2>\t\t<\/div>\n\t\t\t\t<\/div>\n\t\t\t\t\t\t<\/div>\n\t\t\t\t\t<\/div>\n\t\t<\/div>\n\t\t\t\t\t\t\t\t<\/div>\n\t\t\t\t\t<\/div>\n\t\t<\/section>\n\t\t\t\t<section class=\"elementor-section elementor-top-section elementor-element elementor-element-fffe460 elementor-section-boxed elementor-section-height-default elementor-section-height-default\" data-id=\"fffe460\" data-element_type=\"section\" data-settings=\"{&quot;background_background&quot;:&quot;classic&quot;}\">\n\t\t\t\t\t\t<div class=\"elementor-container elementor-column-gap-default\">\n\t\t\t\t\t\t\t<div class=\"elementor-row\">\n\t\t\t\t\t<div class=\"elementor-column elementor-col-100 elementor-top-column elementor-element elementor-element-d3fd6cc\" data-id=\"d3fd6cc\" data-element_type=\"column\">\n\t\t\t<div class=\"elementor-column-wrap elementor-element-populated\">\n\t\t\t\t\t\t\t<div class=\"elementor-widget-wrap\">\n\t\t\t\t\t\t<div class=\"elementor-element elementor-element-5e40da5 elementor-widget elementor-widget-text-editor\" data-id=\"5e40da5\" data-element_type=\"widget\" data-widget_type=\"text-editor.default\">\n\t\t\t\t<div class=\"elementor-widget-container\">\n\t\t\t\t\t\t\t\t<div class=\"elementor-text-editor elementor-clearfix\">\n\t\t\t\t<p>A todos aquellos que han sido o pueden ser afectados por causa del aborto. Y cuando decimos todos, \u201ces todos sin excepciones\u201d.<br \/>D\u00eda a d\u00eda estamos m\u00e1s convencidos del profundo da\u00f1o que hace el aborto a la mujer y la familia y la sociedad, simplemente no podemos negarnos a ayudar a quienes lo necesiten.<\/p><p>Comenzando por la mam\u00e1 y el beb\u00e9, cuando es posible el padre del beb\u00e9, la familia y finalmente pero no menos importante, quienes lo promueven, lo han practicado e incluso se han lucrado de \u00e9l.<\/p><p>Para ello, hemos desarrollado varios programas enfocados en 3 l\u00edneas de trabajo, La Acci\u00f3n para menguar las necesidades materiales que disparan la decisi\u00f3n de abortar. La Palabra con la cu\u00e1l buscamos sensibilizar, prevenir y develar la maldad que promueve la cultura de la muerte y La Oraci\u00f3n que es tan necesaria para hacer nuestra labor y encontrar verdadera Paz, Esperanza y Alegr\u00eda.<\/p>\t\t\t\t\t<\/div>\n\t\t\t\t\t\t<\/div>\n\t\t\t\t<\/div>\n\t\t\t\t<div class=\"elementor-element elementor-element-1d7b520 elementor-widget elementor-widget-image\" data-id=\"1d7b520\" data-element_type=\"widget\" data-widget_type=\"image.default\">\n\t\t\t\t<div class=\"elementor-widget-container\">\n\t\t\t\t\t\t\t\t<div class=\"elementor-image\">\n\t\t\t\t\t\t\t\t\t\t\t\t<img loading=\"lazy\" decoding=\"async\" width=\"720\" height=\"960\" src=\"https:\/\/www.vidaenmisericordia.org\/wp-content\/uploads\/2020\/01\/30.jpeg\" class=\"attachment-large size-large\" alt=\"\" srcset=\"https:\/\/www.vidaenmisericordia.org\/wp-content\/uploads\/2020\/01\/30.jpeg 720w, https:\/\/www.vidaenmisericordia.org\/wp-content\/uploads\/2020\/01\/30-225x300.jpeg 225w\" sizes=\"(max-width: 720px) 100vw, 720px\" \/>\t\t\t\t\t\t\t\t\t\t\t\t\t\t<\/div>\n\t\t\t\t\t\t<\/div>\n\t\t\t\t<\/div>\n\t\t\t\t\t\t<\/div>\n\t\t\t\t\t<\/div>\n\t\t<\/div>\n\t\t\t\t\t\t\t\t<\/div>\n\t\t\t\t\t<\/div>\n\t\t<\/section>\n\t\t\t\t\t\t\t\t\t<\/div>\n\t\t\t<\/div>\n\t\t\t\t\t<\/div>\n\t\t","protected":false},"excerpt":{"rendered":"<p>\u00bfA quienes ayudamos? A todos aquellos que han sido o pueden ser afectados por causa del aborto. Y cuando decimos todos, \u201ces todos sin excepciones\u201d.<a href=\"https:\/\/www.vidaenmisericordia.org\/?page_id=486\" class=\"more-link\">View More<\/a><\/p>\n","protected":false},"author":2,"featured_media":0,"parent":0,"menu_order":0,"comment_status":"closed","ping_status":"closed","template":"elementor_header_footer","meta":{"footnotes":""},"_links":{"self":[{"href":"https:\/\/www.vidaenmisericordia.org\/index.php?rest_route=\/wp\/v2\/pages\/486"}],"collection":[{"href":"https:\/\/www.vidaenmisericordia.org\/index.php?rest_route=\/wp\/v2\/pages"}],"about":[{"href":"https:\/\/www.vidaenmisericordia.org\/index.php?rest_route=\/wp\/v2\/types\/page"}],"author":[{"embeddable":true,"href":"https:\/\/www.vidaenmisericordia.org\/index.php?rest_route=\/wp\/v2\/users\/2"}],"replies":[{"embeddable":true,"href":"https:\/\/www.vidaenmisericordia.org\/index.php?rest_route=%2Fwp%2Fv2%2Fcomments&post=486"}],"version-history":[{"count":10,"href":"https:\/\/www.vidaenmisericordia.org\/index.php?rest_route=\/wp\/v2\/pages\/486\/revisions"}],"predecessor-version":[{"id":586,"href":"https:\/\/www.vidaenmisericordia.org\/index.php?rest_route=\/wp\/v2\/pages\/486\/revisions\/586"}],"wp:attachment":[{"href":"https:\/\/www.vidaenmisericordia.org\/index.php?rest_route=%2Fwp%2Fv2%2Fmedia&parent=486"}],"curies":[{"name":"wp","href":"https:\/\/api.w.org\/{rel}","templated":true}]}}