{"id":298,"date":"2019-07-09T06:38:46","date_gmt":"2019-07-09T11:38:46","guid":{"rendered":"https:\/\/demo.themefreesia.com\/extension-plus\/?page_id=298"},"modified":"2020-02-19T21:02:13","modified_gmt":"2020-02-20T02:02:13","slug":"about-us","status":"publish","type":"page","link":"https:\/\/www.vidaenmisericordia.org\/?page_id=298","title":{"rendered":"Sobre Nosotros"},"content":{"rendered":"\t\t<div data-elementor-type=\"wp-post\" data-elementor-id=\"298\" class=\"elementor elementor-298\">\n\t\t\t\t\t\t<div class=\"elementor-inner\">\n\t\t\t\t<div class=\"elementor-section-wrap\">\n\t\t\t\t\t\t\t\t\t<section class=\"elementor-section elementor-top-section elementor-element elementor-element-efb6f58 elementor-section-content-middle elementor-section-boxed elementor-section-height-default elementor-section-height-default\" data-id=\"efb6f58\" data-element_type=\"section\" data-settings=\"{&quot;background_background&quot;:&quot;classic&quot;}\">\n\t\t\t\t\t\t<div class=\"elementor-container elementor-column-gap-default\">\n\t\t\t\t\t\t\t<div class=\"elementor-row\">\n\t\t\t\t\t<div class=\"elementor-column elementor-col-50 elementor-top-column elementor-element elementor-element-71de79a\" data-id=\"71de79a\" data-element_type=\"column\">\n\t\t\t<div class=\"elementor-column-wrap elementor-element-populated\">\n\t\t\t\t\t\t\t<div class=\"elementor-widget-wrap\">\n\t\t\t\t\t\t<div class=\"elementor-element elementor-element-c50d7f2 elementor-widget elementor-widget-heading\" data-id=\"c50d7f2\" data-element_type=\"widget\" data-widget_type=\"heading.default\">\n\t\t\t\t<div class=\"elementor-widget-container\">\n\t\t\t<h2 class=\"elementor-heading-title elementor-size-default\">Sobre Nosotros<\/h2>\t\t<\/div>\n\t\t\t\t<\/div>\n\t\t\t\t<div class=\"elementor-element elementor-element-003a13c elementor-widget elementor-widget-heading\" data-id=\"003a13c\" data-element_type=\"widget\" data-widget_type=\"heading.default\">\n\t\t\t\t<div class=\"elementor-widget-container\">\n\t\t\t<h3 class=\"elementor-heading-title elementor-size-default\">\u00bfQui\u00e9nes somos?<\/h3>\t\t<\/div>\n\t\t\t\t<\/div>\n\t\t\t\t<div class=\"elementor-element elementor-element-ab031bc elementor-widget elementor-widget-text-editor\" data-id=\"ab031bc\" data-element_type=\"widget\" data-widget_type=\"text-editor.default\">\n\t\t\t\t<div class=\"elementor-widget-container\">\n\t\t\t\t\t\t\t\t<div class=\"elementor-text-editor elementor-clearfix\">\n\t\t\t\t<p>Una comunidad de amigos, padres y madres con algo en com\u00fan: el valor, amor y respeto por cada vida.<br \/>Cuando nuestra fundadora fue contratada en una cl\u00ednica ginecol\u00f3gica en New York desconoc\u00eda c\u00f3mo era el aborto e ignoraba que all\u00ed se practicaba. Por eso al descubrir el drama que sufren muchas mujeres que caen en \u00e9l se dedic\u00f3 a escondidas de los abortistas a trabajar a favor de la vida.<\/p><p>Algunos a\u00f1os despu\u00e9s se re-encontr\u00f3 con un grupo de sus amigos en Bogot\u00e1 Colombia y sin haber hablado nunca sobre el tema descubren que estaban trabajando en lo mismo, la Defensa de la Vida. Lo que ocurri\u00f3 despu\u00e9s fue simplemente la consecuencia de un sentimiento com\u00fan, no podemos quedarnos indiferentes, surgieron varias iniciativas, algunas dieron el fruto que esperabamos, otras no c\u00f3mo se quer\u00eda.<\/p><p>Poco a poco el deseo de hacer un buen trabajo nos llev\u00f3 a conformar una fundaci\u00f3n, una que estuviera inspirada en la Misericordia.<\/p>\t\t\t\t\t<\/div>\n\t\t\t\t\t\t<\/div>\n\t\t\t\t<\/div>\n\t\t\t\t\t\t<\/div>\n\t\t\t\t\t<\/div>\n\t\t<\/div>\n\t\t\t\t<div class=\"elementor-column elementor-col-50 elementor-top-column elementor-element elementor-element-095cfa5\" data-id=\"095cfa5\" data-element_type=\"column\">\n\t\t\t<div class=\"elementor-column-wrap elementor-element-populated\">\n\t\t\t\t\t\t\t<div class=\"elementor-widget-wrap\">\n\t\t\t\t\t\t<div class=\"elementor-element elementor-element-eca4350 elementor-widget elementor-widget-image\" data-id=\"eca4350\" data-element_type=\"widget\" data-widget_type=\"image.default\">\n\t\t\t\t<div class=\"elementor-widget-container\">\n\t\t\t\t\t\t\t\t<div class=\"elementor-image\">\n\t\t\t\t\t\t\t\t\t\t\t\t<img loading=\"lazy\" decoding=\"async\" width=\"683\" height=\"1024\" src=\"https:\/\/www.vidaenmisericordia.org\/wp-content\/uploads\/2020\/01\/6.-Donate-683x1024.jpg\" class=\"attachment-large size-large\" alt=\"\" srcset=\"https:\/\/www.vidaenmisericordia.org\/wp-content\/uploads\/2020\/01\/6.-Donate-683x1024.jpg 683w, https:\/\/www.vidaenmisericordia.org\/wp-content\/uploads\/2020\/01\/6.-Donate-200x300.jpg 200w, https:\/\/www.vidaenmisericordia.org\/wp-content\/uploads\/2020\/01\/6.-Donate-768x1152.jpg 768w, https:\/\/www.vidaenmisericordia.org\/wp-content\/uploads\/2020\/01\/6.-Donate-1024x1536.jpg 1024w, https:\/\/www.vidaenmisericordia.org\/wp-content\/uploads\/2020\/01\/6.-Donate-1365x2048.jpg 1365w, https:\/\/www.vidaenmisericordia.org\/wp-content\/uploads\/2020\/01\/6.-Donate-scaled.jpg 1707w\" sizes=\"(max-width: 683px) 100vw, 683px\" \/>\t\t\t\t\t\t\t\t\t\t\t\t\t\t<\/div>\n\t\t\t\t\t\t<\/div>\n\t\t\t\t<\/div>\n\t\t\t\t\t\t<\/div>\n\t\t\t\t\t<\/div>\n\t\t<\/div>\n\t\t\t\t\t\t\t\t<\/div>\n\t\t\t\t\t<\/div>\n\t\t<\/section>\n\t\t\t\t\t\t\t\t\t<\/div>\n\t\t\t<\/div>\n\t\t\t\t\t<\/div>\n\t\t","protected":false},"excerpt":{"rendered":"<p>Sobre Nosotros \u00bfQui\u00e9nes somos? Una comunidad de amigos, padres y madres con algo en com\u00fan: el valor, amor y respeto por cada vida.Cuando nuestra fundadora<a href=\"https:\/\/www.vidaenmisericordia.org\/?page_id=298\" class=\"more-link\">View More<\/a><\/p>\n","protected":false},"author":1,"featured_media":0,"parent":0,"menu_order":0,"comment_status":"closed","ping_status":"closed","template":"elementor_header_footer","meta":{"footnotes":""},"_links":{"self":[{"href":"https:\/\/www.vidaenmisericordia.org\/index.php?rest_route=\/wp\/v2\/pages\/298"}],"collection":[{"href":"https:\/\/www.vidaenmisericordia.org\/index.php?rest_route=\/wp\/v2\/pages"}],"about":[{"href":"https:\/\/www.vidaenmisericordia.org\/index.php?rest_route=\/wp\/v2\/types\/page"}],"author":[{"embeddable":true,"href":"https:\/\/www.vidaenmisericordia.org\/index.php?rest_route=\/wp\/v2\/users\/1"}],"replies":[{"embeddable":true,"href":"https:\/\/www.vidaenmisericordia.org\/index.php?rest_route=%2Fwp%2Fv2%2Fcomments&post=298"}],"version-history":[{"count":16,"href":"https:\/\/www.vidaenmisericordia.org\/index.php?rest_route=\/wp\/v2\/pages\/298\/revisions"}],"predecessor-version":[{"id":564,"href":"https:\/\/www.vidaenmisericordia.org\/index.php?rest_route=\/wp\/v2\/pages\/298\/revisions\/564"}],"wp:attachment":[{"href":"https:\/\/www.vidaenmisericordia.org\/index.php?rest_route=%2Fwp%2Fv2%2Fmedia&parent=298"}],"curies":[{"name":"wp","href":"https:\/\/api.w.org\/{rel}","templated":true}]}}